{"id":2,"date":"2019-02-05T11:40:30","date_gmt":"2019-02-05T10:40:30","guid":{"rendered":"http:\/\/enkidigitalea.com\/?page_id=2"},"modified":"2023-08-31T16:36:35","modified_gmt":"2023-08-31T14:36:35","slug":"accueil","status":"publish","type":"page","link":"https:\/\/enkidigitalea.com\/","title":{"rendered":"EnkiDigitalEA"},"content":{"rendered":"<p>Notre \u00e9quipe accompagne votre mont\u00e9e en puissance en Digital sur vos processus assurantiels. Notre mission est de concr\u00e9tiser la valeur au quotidien avec une logique incr\u00e9mentale sur les objectifs \u00e0 r\u00e9aliser. Nous sommes engag\u00e9s aupr\u00e8s de vous pour mettre en \u0153uvre vos plans.<\/p>\n<p>Nous recommandons des actions concr\u00e8tes et efficaces pour atteindre vos objectifs, une prise de d\u00e9cision \u00e9clair\u00e9e et une performance optimale des actions engag\u00e9es.<\/p>\n<p>Nous privil\u00e9gions le partenariat plut\u00f4t qu\u2019un mod\u00e8le de prestation pour int\u00e9grer plus de digital dans votre strat\u00e9gie d\u2019entreprise. Nous vous aidons \u00e0 aller plus vite, \u00e0 \u00eatre plus efficace et \u00e0 minimiser les risques d\u2019\u00e9checs.<\/p>\n\n\n<h2 class=\"wp-block-heading\">Ils nous ont fait confiance<\/h2>\n\n\n\n<div class=\"wp-block-columns is-layout-flex wp-container-4 wp-block-columns-is-layout-flex\">\n<div class=\"wp-block-column is-layout-flow wp-block-column-is-layout-flow\">\n<figure class=\"wp-block-image size-large\"><img decoding=\"async\" loading=\"lazy\" width=\"250\" height=\"250\" src=\"https:\/\/enkidigitalea.com\/wp-content\/uploads\/2020\/05\/Generali_logo.gif\" alt=\"\" class=\"wp-image-52\"\/><\/figure>\n<\/div>\n\n\n\n<div class=\"wp-block-column is-layout-flow wp-block-column-is-layout-flow\">\n<figure class=\"wp-block-image size-large\"><img decoding=\"async\" loading=\"lazy\" width=\"280\" height=\"251\" src=\"https:\/\/enkidigitalea.com\/wp-content\/uploads\/2020\/05\/280px-Logo_AGIPI.jpg\" alt=\"\" class=\"wp-image-54\"\/><\/figure>\n<\/div>\n\n\n\n<div class=\"wp-block-column is-layout-flow wp-block-column-is-layout-flow\">\n<figure class=\"wp-block-image size-large\"><img decoding=\"async\" loading=\"lazy\" width=\"566\" height=\"394\" src=\"https:\/\/enkidigitalea.com\/wp-content\/uploads\/2020\/05\/logo-footer-2019.png\" alt=\"\" class=\"wp-image-55\" srcset=\"https:\/\/enkidigitalea.com\/wp-content\/uploads\/2020\/05\/logo-footer-2019.png 566w, https:\/\/enkidigitalea.com\/wp-content\/uploads\/2020\/05\/logo-footer-2019-300x209.png 300w\" sizes=\"(max-width: 566px) 100vw, 566px\" \/><\/figure>\n<\/div>\n<\/div>\n","protected":false},"excerpt":{"rendered":"<p>Notre \u00e9quipe accompagne votre mont\u00e9e en puissance en Digital sur vos processus assurantiels. Notre mission est de concr\u00e9tiser la valeur au quotidien avec une logique incr\u00e9mentale sur les objectifs \u00e0 r\u00e9aliser. Nous sommes engag\u00e9s aupr\u00e8s de vous pour mettre en \u0153uvre vos plans. Nous recommandons des actions concr\u00e8tes et efficaces pour atteindre vos objectifs, une [&hellip;]<\/p>\n","protected":false},"author":2,"featured_media":0,"parent":0,"menu_order":0,"comment_status":"closed","ping_status":"open","template":"","meta":{"footnotes":""},"_links":{"self":[{"href":"https:\/\/enkidigitalea.com\/index.php\/wp-json\/wp\/v2\/pages\/2"}],"collection":[{"href":"https:\/\/enkidigitalea.com\/index.php\/wp-json\/wp\/v2\/pages"}],"about":[{"href":"https:\/\/enkidigitalea.com\/index.php\/wp-json\/wp\/v2\/types\/page"}],"author":[{"embeddable":true,"href":"https:\/\/enkidigitalea.com\/index.php\/wp-json\/wp\/v2\/users\/2"}],"replies":[{"embeddable":true,"href":"https:\/\/enkidigitalea.com\/index.php\/wp-json\/wp\/v2\/comments?post=2"}],"version-history":[{"count":7,"href":"https:\/\/enkidigitalea.com\/index.php\/wp-json\/wp\/v2\/pages\/2\/revisions"}],"predecessor-version":[{"id":69,"href":"https:\/\/enkidigitalea.com\/index.php\/wp-json\/wp\/v2\/pages\/2\/revisions\/69"}],"wp:attachment":[{"href":"https:\/\/enkidigitalea.com\/index.php\/wp-json\/wp\/v2\/media?parent=2"}],"curies":[{"name":"wp","href":"https:\/\/api.w.org\/{rel}","templated":true}]}}